{"id":58,"date":"2024-10-13T12:37:05","date_gmt":"2024-10-13T10:37:05","guid":{"rendered":"https:\/\/luminafest.de\/?page_id=58"},"modified":"2024-10-22T22:28:45","modified_gmt":"2024-10-22T20:28:45","slug":"besucherinfo","status":"publish","type":"page","link":"https:\/\/luminafest.de\/?page_id=58","title":{"rendered":"Besucherinfo"},"content":{"rendered":"\n<h2 class=\"wp-block-heading\">Wann?<\/h2>\n\n\n\n<p><strong>26. und 27. Oktober 2024<\/strong><\/p>\n\n\n\n<p>18:00 &#8211; 22:00 Uhr<\/p>\n\n\n\n<h2 class=\"wp-block-heading\">Wo?<\/h2>\n\n\n\n<p><strong>OTH Amberg-Weiden<\/strong><\/p>\n\n\n\n<p>Standort Amberg: Kaiser-Wilhelm-Ring 23<\/p>\n\n\n\n<p>Standort Weiden: Hetzenrichter Weg 15<\/p>\n\n\n\n<h2 class=\"wp-block-heading\">Verpflegung<\/h2>\n\n\n\n<p><em>Snacks Colombia<\/em> bietet in Amberg und Weiden kolumbianischen Spezialit\u00e4ten, wie Empanadas und Chuzos and Getr\u00e4nke an. In Amberg werden zus\u00e4tzlich noch s\u00fc\u00dfe Leckereien von <em>Cr\u00eapes Schubert<\/em> angeboten.<\/p>\n\n\n\n<h2 class=\"wp-block-heading\">Parken<\/h2>\n\n\n\n<p><strong>Amberg<\/strong>: es gibt kostenfreie Parkm\u00f6glichkeiten an der Westseite des EMI-Geb\u00e4udes (Zufahrt \u00fcber die Infanteriesta\u00dfe). Achtung: Der Parkplatz direkt vor dem EMI-Geb\u00e4ude ist gesperrt.<\/p>\n\n\n\n<p><strong>Weiden<\/strong>: hier gibt es einen kostenlosen Parkplatz vor der OTH AW.<\/p>\n\n\n\n<h2 class=\"wp-block-heading\">Sanit\u00e4ranlagen<\/h2>\n\n\n\n<p>In <strong>Amberg<\/strong> stehen den Besuchern Sanit\u00e4ranlagen im Ostturm der Hochschule zur Verf\u00fcgung.<\/p>\n\n\n\n<p>In <strong>Weiden<\/strong> k\u00f6nnen die Sanit\u00e4ranlagen der Mensa genutzt werden.<\/p>\n","protected":false},"excerpt":{"rendered":"<p>Wann? 26. und 27. Oktober 2024 18:00 &#8211; 22:00 Uhr Wo? OTH Amberg-Weiden Standort Amberg: Kaiser-Wilhelm-Ring 23 Standort Weiden: Hetzenrichter Weg 15 Verpflegung Snacks Colombia bietet in Amberg und Weiden kolumbianischen Spezialit\u00e4ten, wie Empanadas und Chuzos and Getr\u00e4nke an. In Amberg werden zus\u00e4tzlich noch s\u00fc\u00dfe Leckereien von Cr\u00eapes Schubert angeboten. Parken Amberg: es gibt kostenfreie &hellip; <\/p>\n<p class=\"link-more\"><a href=\"https:\/\/luminafest.de\/?page_id=58\" class=\"more-link\">Continue reading<span class=\"screen-reader-text\"> &#8220;Besucherinfo&#8221;<\/span><\/a><\/p>\n","protected":false},"author":2,"featured_media":84,"parent":0,"menu_order":0,"comment_status":"closed","ping_status":"closed","template":"","meta":{"footnotes":""},"class_list":["post-58","page","type-page","status-publish","has-post-thumbnail","hentry"],"yoast_head":"<!-- This site is optimized with the Yoast SEO plugin v23.5 - https:\/\/yoast.com\/wordpress\/plugins\/seo\/ -->\n<title>Besucherinfo - luminafest<\/title>\n<meta name=\"robots\" content=\"index, follow, max-snippet:-1, max-image-preview:large, max-video-preview:-1\" \/>\n<link rel=\"canonical\" href=\"https:\/\/luminafest.de\/?page_id=58\" \/>\n<meta property=\"og:locale\" content=\"en_US\" \/>\n<meta property=\"og:type\" content=\"article\" \/>\n<meta property=\"og:title\" content=\"Besucherinfo - luminafest\" \/>\n<meta property=\"og:description\" content=\"Wann? 26. und 27. Oktober 2024 18:00 &#8211; 22:00 Uhr Wo? OTH Amberg-Weiden Standort Amberg: Kaiser-Wilhelm-Ring 23 Standort Weiden: Hetzenrichter Weg 15 Verpflegung Snacks Colombia bietet in Amberg und Weiden kolumbianischen Spezialit\u00e4ten, wie Empanadas und Chuzos and Getr\u00e4nke an. In Amberg werden zus\u00e4tzlich noch s\u00fc\u00dfe Leckereien von Cr\u00eapes Schubert angeboten. Parken Amberg: es gibt kostenfreie &hellip; Continue reading &quot;Besucherinfo&quot;\" \/>\n<meta property=\"og:url\" content=\"https:\/\/luminafest.de\/?page_id=58\" \/>\n<meta property=\"og:site_name\" content=\"luminafest\" \/>\n<meta property=\"article:modified_time\" content=\"2024-10-22T20:28:45+00:00\" \/>\n<meta property=\"og:image\" content=\"https:\/\/luminafest.de\/wp-content\/uploads\/2024\/10\/PLAKAT_AZ_K02_v01_C-scaled-e1728818712325.jpg\" \/>\n\t<meta property=\"og:image:width\" content=\"1809\" \/>\n\t<meta property=\"og:image:height\" content=\"1088\" \/>\n\t<meta property=\"og:image:type\" content=\"image\/jpeg\" \/>\n<meta name=\"twitter:card\" content=\"summary_large_image\" \/>\n<meta name=\"twitter:label1\" content=\"Est. reading time\" \/>\n\t<meta name=\"twitter:data1\" content=\"1 minute\" \/>\n<script type=\"application\/ld+json\" class=\"yoast-schema-graph\">{\"@context\":\"https:\/\/schema.org\",\"@graph\":[{\"@type\":\"WebPage\",\"@id\":\"https:\/\/luminafest.de\/?page_id=58\",\"url\":\"https:\/\/luminafest.de\/?page_id=58\",\"name\":\"Besucherinfo - luminafest\",\"isPartOf\":{\"@id\":\"https:\/\/luminafest.de\/#website\"},\"primaryImageOfPage\":{\"@id\":\"https:\/\/luminafest.de\/?page_id=58#primaryimage\"},\"image\":{\"@id\":\"https:\/\/luminafest.de\/?page_id=58#primaryimage\"},\"thumbnailUrl\":\"https:\/\/luminafest.de\/wp-content\/uploads\/2024\/10\/PLAKAT_AZ_K02_v01_C-scaled-e1728818712325.jpg\",\"datePublished\":\"2024-10-13T10:37:05+00:00\",\"dateModified\":\"2024-10-22T20:28:45+00:00\",\"breadcrumb\":{\"@id\":\"https:\/\/luminafest.de\/?page_id=58#breadcrumb\"},\"inLanguage\":\"en-US\",\"potentialAction\":[{\"@type\":\"ReadAction\",\"target\":[\"https:\/\/luminafest.de\/?page_id=58\"]}]},{\"@type\":\"ImageObject\",\"inLanguage\":\"en-US\",\"@id\":\"https:\/\/luminafest.de\/?page_id=58#primaryimage\",\"url\":\"https:\/\/luminafest.de\/wp-content\/uploads\/2024\/10\/PLAKAT_AZ_K02_v01_C-scaled-e1728818712325.jpg\",\"contentUrl\":\"https:\/\/luminafest.de\/wp-content\/uploads\/2024\/10\/PLAKAT_AZ_K02_v01_C-scaled-e1728818712325.jpg\",\"width\":1809,\"height\":1088},{\"@type\":\"BreadcrumbList\",\"@id\":\"https:\/\/luminafest.de\/?page_id=58#breadcrumb\",\"itemListElement\":[{\"@type\":\"ListItem\",\"position\":1,\"name\":\"Home\",\"item\":\"https:\/\/luminafest.de\/\"},{\"@type\":\"ListItem\",\"position\":2,\"name\":\"Besucherinfo\"}]},{\"@type\":\"WebSite\",\"@id\":\"https:\/\/luminafest.de\/#website\",\"url\":\"https:\/\/luminafest.de\/\",\"name\":\"luminafest\",\"description\":\"Wo Kunst die Stadt beleuchtet\",\"potentialAction\":[{\"@type\":\"SearchAction\",\"target\":{\"@type\":\"EntryPoint\",\"urlTemplate\":\"https:\/\/luminafest.de\/?s={search_term_string}\"},\"query-input\":{\"@type\":\"PropertyValueSpecification\",\"valueRequired\":true,\"valueName\":\"search_term_string\"}}],\"inLanguage\":\"en-US\"}]}<\/script>\n<!-- \/ Yoast SEO plugin. -->","yoast_head_json":{"title":"Besucherinfo - luminafest","robots":{"index":"index","follow":"follow","max-snippet":"max-snippet:-1","max-image-preview":"max-image-preview:large","max-video-preview":"max-video-preview:-1"},"canonical":"https:\/\/luminafest.de\/?page_id=58","og_locale":"en_US","og_type":"article","og_title":"Besucherinfo - luminafest","og_description":"Wann? 26. und 27. Oktober 2024 18:00 &#8211; 22:00 Uhr Wo? OTH Amberg-Weiden Standort Amberg: Kaiser-Wilhelm-Ring 23 Standort Weiden: Hetzenrichter Weg 15 Verpflegung Snacks Colombia bietet in Amberg und Weiden kolumbianischen Spezialit\u00e4ten, wie Empanadas und Chuzos and Getr\u00e4nke an. In Amberg werden zus\u00e4tzlich noch s\u00fc\u00dfe Leckereien von Cr\u00eapes Schubert angeboten. Parken Amberg: es gibt kostenfreie &hellip; Continue reading \"Besucherinfo\"","og_url":"https:\/\/luminafest.de\/?page_id=58","og_site_name":"luminafest","article_modified_time":"2024-10-22T20:28:45+00:00","og_image":[{"width":1809,"height":1088,"url":"https:\/\/luminafest.de\/wp-content\/uploads\/2024\/10\/PLAKAT_AZ_K02_v01_C-scaled-e1728818712325.jpg","type":"image\/jpeg"}],"twitter_card":"summary_large_image","twitter_misc":{"Est. reading time":"1 minute"},"schema":{"@context":"https:\/\/schema.org","@graph":[{"@type":"WebPage","@id":"https:\/\/luminafest.de\/?page_id=58","url":"https:\/\/luminafest.de\/?page_id=58","name":"Besucherinfo - luminafest","isPartOf":{"@id":"https:\/\/luminafest.de\/#website"},"primaryImageOfPage":{"@id":"https:\/\/luminafest.de\/?page_id=58#primaryimage"},"image":{"@id":"https:\/\/luminafest.de\/?page_id=58#primaryimage"},"thumbnailUrl":"https:\/\/luminafest.de\/wp-content\/uploads\/2024\/10\/PLAKAT_AZ_K02_v01_C-scaled-e1728818712325.jpg","datePublished":"2024-10-13T10:37:05+00:00","dateModified":"2024-10-22T20:28:45+00:00","breadcrumb":{"@id":"https:\/\/luminafest.de\/?page_id=58#breadcrumb"},"inLanguage":"en-US","potentialAction":[{"@type":"ReadAction","target":["https:\/\/luminafest.de\/?page_id=58"]}]},{"@type":"ImageObject","inLanguage":"en-US","@id":"https:\/\/luminafest.de\/?page_id=58#primaryimage","url":"https:\/\/luminafest.de\/wp-content\/uploads\/2024\/10\/PLAKAT_AZ_K02_v01_C-scaled-e1728818712325.jpg","contentUrl":"https:\/\/luminafest.de\/wp-content\/uploads\/2024\/10\/PLAKAT_AZ_K02_v01_C-scaled-e1728818712325.jpg","width":1809,"height":1088},{"@type":"BreadcrumbList","@id":"https:\/\/luminafest.de\/?page_id=58#breadcrumb","itemListElement":[{"@type":"ListItem","position":1,"name":"Home","item":"https:\/\/luminafest.de\/"},{"@type":"ListItem","position":2,"name":"Besucherinfo"}]},{"@type":"WebSite","@id":"https:\/\/luminafest.de\/#website","url":"https:\/\/luminafest.de\/","name":"luminafest","description":"Wo Kunst die Stadt beleuchtet","potentialAction":[{"@type":"SearchAction","target":{"@type":"EntryPoint","urlTemplate":"https:\/\/luminafest.de\/?s={search_term_string}"},"query-input":{"@type":"PropertyValueSpecification","valueRequired":true,"valueName":"search_term_string"}}],"inLanguage":"en-US"}]}},"_links":{"self":[{"href":"https:\/\/luminafest.de\/index.php?rest_route=\/wp\/v2\/pages\/58","targetHints":{"allow":["GET"]}}],"collection":[{"href":"https:\/\/luminafest.de\/index.php?rest_route=\/wp\/v2\/pages"}],"about":[{"href":"https:\/\/luminafest.de\/index.php?rest_route=\/wp\/v2\/types\/page"}],"author":[{"embeddable":true,"href":"https:\/\/luminafest.de\/index.php?rest_route=\/wp\/v2\/users\/2"}],"replies":[{"embeddable":true,"href":"https:\/\/luminafest.de\/index.php?rest_route=%2Fwp%2Fv2%2Fcomments&post=58"}],"version-history":[{"count":5,"href":"https:\/\/luminafest.de\/index.php?rest_route=\/wp\/v2\/pages\/58\/revisions"}],"predecessor-version":[{"id":131,"href":"https:\/\/luminafest.de\/index.php?rest_route=\/wp\/v2\/pages\/58\/revisions\/131"}],"wp:featuredmedia":[{"embeddable":true,"href":"https:\/\/luminafest.de\/index.php?rest_route=\/wp\/v2\/media\/84"}],"wp:attachment":[{"href":"https:\/\/luminafest.de\/index.php?rest_route=%2Fwp%2Fv2%2Fmedia&parent=58"}],"curies":[{"name":"wp","href":"https:\/\/api.w.org\/{rel}","templated":true}]}}